{"id":120,"date":"2025-02-10T09:54:05","date_gmt":"2025-02-10T09:54:05","guid":{"rendered":"https:\/\/eryapi.vitatez.com\/?page_id=120"},"modified":"2025-02-14T12:48:24","modified_gmt":"2025-02-14T12:48:24","slug":"blog","status":"publish","type":"page","link":"https:\/\/eryapi.vitatez.com\/?page_id=120","title":{"rendered":"Blog"},"content":{"rendered":"\t\t<div data-elementor-type=\"wp-page\" data-elementor-id=\"120\" class=\"elementor elementor-120\">\n\t\t\t\t\t\t<section class=\"elementor-section elementor-top-section elementor-element elementor-element-2f548288 elementor-section-boxed elementor-section-height-default elementor-section-height-default\" data-id=\"2f548288\" data-element_type=\"section\" data-settings=\"{&quot;background_background&quot;:&quot;classic&quot;}\">\n\t\t\t\t\t\t\t<div class=\"elementor-background-overlay\"><\/div>\n\t\t\t\t\t\t\t<div class=\"elementor-container elementor-column-gap-default\">\n\t\t\t\t\t<div class=\"elementor-column elementor-col-100 elementor-top-column elementor-element elementor-element-465bcf7c\" data-id=\"465bcf7c\" data-element_type=\"column\">\n\t\t\t<div class=\"elementor-widget-wrap elementor-element-populated\">\n\t\t\t\t\t\t<div class=\"elementor-element elementor-element-21c3a05a elementor-widget elementor-widget-heading\" data-id=\"21c3a05a\" data-element_type=\"widget\" data-widget_type=\"heading.default\">\n\t\t\t\t<div class=\"elementor-widget-container\">\n\t\t\t\t\t<h1 class=\"elementor-heading-title elementor-size-default\">Blog<\/h1>\t\t\t\t<\/div>\n\t\t\t\t<\/div>\n\t\t\t\t\t<\/div>\n\t\t<\/div>\n\t\t\t\t\t<\/div>\n\t\t<\/section>\n\t\t\t\t<section class=\"elementor-section elementor-top-section elementor-element elementor-element-77bba16a elementor-section-boxed elementor-section-height-default elementor-section-height-default\" data-id=\"77bba16a\" data-element_type=\"section\">\n\t\t\t\t\t\t<div class=\"elementor-container elementor-column-gap-default\">\n\t\t\t\t\t<div class=\"elementor-column elementor-col-100 elementor-top-column elementor-element elementor-element-68479350\" data-id=\"68479350\" data-element_type=\"column\">\n\t\t\t<div class=\"elementor-widget-wrap elementor-element-populated\">\n\t\t\t\t\t\t<div class=\"elementor-element elementor-element-7ad48927 elementor-widget elementor-widget-elementskit-blog-posts\" data-id=\"7ad48927\" data-element_type=\"widget\" data-widget_type=\"elementskit-blog-posts.default\">\n\t\t\t\t<div class=\"elementor-widget-container\">\n\t\t\t\t\t<div class=\"ekit-wid-con\" >        <div id=\"post-items--7ad48927\" class=\"row post-items\">\n                    <div class=\"col-lg-4 col-md-6\">\n\n                                    <div class=\"elementskit-post-image-card\">\n                        <div class=\"elementskit-entry-header\">\n                                                            <a href=\"https:\/\/eryapi.vitatez.com\/?p=408\" class=\"elementskit-entry-thumb\">\n                                    <img decoding=\"async\" src=\"https:\/\/eryapi.vitatez.com\/wp-content\/uploads\/2025\/02\/3d-rendering-black-loft-modern-house-in-summer-2021-08-27-22-13-41-utc-1-150x150.jpg\" alt=\"S\u00fcrd\u00fcr\u00fclebilir \u0130n\u015faat ve \u00c7evre Dostu Projeler: Gelece\u011fi Koruyoruz\">\n                                <\/a><!-- .elementskit-entry-thumb END -->\n                                                                                                    <div class=\"elementskit-meta-lists elementskit-style-tag\">\n                                        <div class=\"elementskit-single-meta triangle_left\"><span class=\"elementskit-meta-wraper\"><strong>14<\/strong>\u015eub<\/span><\/div>\n                                    <\/div>\n                                                                                            \n                            \n\t\t\t\t\t\t\t\t\t\t\t\t\t<\/div><!-- .elementskit-entry-header END -->\n\n\t\t\t\t\t\t<div class=\"elementskit-post-body \">\n\t\t\t\t\t\t\t\n\t\t\t\t\t\t\t\t\t\t\t\t\t\t\t\t\t\t\t\t\t\t\t\t\t\n\t\t\t\t\t\t\t\t\n\t\t\t\t\t\t\t\t\t\t\t\t\t\t\t\t\t\t\t\t\t<h2 class=\"entry-title\">\n\t\t\t\t\t<a href=\"https:\/\/eryapi.vitatez.com\/?p=408\">\n\t\t\t\t\t\tS\u00fcrd\u00fcr\u00fclebilir \u0130n\u015faat ve \u00c7evre Dostu Projeler: Gelece\u011fi Koruyoruz\t\t\t\t\t<\/a>\n\t\t\t\t<\/h2>\n\t\t\t\t\t\t\t\t\t\t\t\t\t\t\t\t\t\t\t\t\t\t\t\t\t\t\t\t\t\t\t\t\t\t\t\t\t\t\t\t\t\t<p>\u00c7evre dostu projeler, g\u00fcn\u00fcm\u00fczde in\u015faat sekt\u00f6r\u00fcnde giderek daha \u00f6nemli hale geliyor. ER YAPI GAYR\u0130MENKUL \u0130N\u015eAAT olarak, s\u00fcrd\u00fcr\u00fclebilir ve \u00e7evre dostu malzemeler kullanarak projelerimizde do\u011fay\u0131 koruyoruz. Ye\u015fil binalar, enerji tasarrufu sa\u011flayarak hem \u00e7evreye hem de b\u00fct\u00e7eye katk\u0131 sa\u011flar. Ayr\u0131ca, d\u00fc\u015f\u00fck karbon ayak izi hedefleyen projelerimiz sayesinde gelecek nesillere daha ya\u015fanabilir bir d\u00fcnya b\u0131rakmay\u0131 ama\u00e7l\u0131yoruz. S\u00fcrd\u00fcr\u00fclebilir in\u015faat [&hellip;]<\/p>\n\t\t\t\t\t\t\t\t\t\t\t\t\t\t\t\t\t\t\t\t\t\t                                                    <\/div><!-- .elementskit-post-body END -->\n                    <\/div>\n                \n            <\/div>\n                    <div class=\"col-lg-4 col-md-6\">\n\n                                    <div class=\"elementskit-post-image-card\">\n                        <div class=\"elementskit-entry-header\">\n                                                            <a href=\"https:\/\/eryapi.vitatez.com\/?p=406\" class=\"elementskit-entry-thumb\">\n                                    <img decoding=\"async\" src=\"https:\/\/eryapi.vitatez.com\/wp-content\/uploads\/2025\/02\/above-the-houses-2021-08-30-02-20-05-utc-150x150.jpg\" alt=\"Gayrimenkul Sat\u0131n Al\u0131rken Dikkat Edilmesi Gereken 5 Temel Kriter\">\n                                <\/a><!-- .elementskit-entry-thumb END -->\n                                                                                                    <div class=\"elementskit-meta-lists elementskit-style-tag\">\n                                        <div class=\"elementskit-single-meta triangle_left\"><span class=\"elementskit-meta-wraper\"><strong>14<\/strong>\u015eub<\/span><\/div>\n                                    <\/div>\n                                                                                            \n                            \n\t\t\t\t\t\t\t\t\t\t\t\t\t<\/div><!-- .elementskit-entry-header END -->\n\n\t\t\t\t\t\t<div class=\"elementskit-post-body \">\n\t\t\t\t\t\t\t\n\t\t\t\t\t\t\t\t\t\t\t\t\t\t\t\t\t\t\t\t\t\t\t\t\t\n\t\t\t\t\t\t\t\t\n\t\t\t\t\t\t\t\t\t\t\t\t\t\t\t\t\t\t\t\t\t<h2 class=\"entry-title\">\n\t\t\t\t\t<a href=\"https:\/\/eryapi.vitatez.com\/?p=406\">\n\t\t\t\t\t\tGayrimenkul Sat\u0131n Al\u0131rken Dikkat Edilmesi Gereken 5 Temel Kriter\t\t\t\t\t<\/a>\n\t\t\t\t<\/h2>\n\t\t\t\t\t\t\t\t\t\t\t\t\t\t\t\t\t\t\t\t\t\t\t\t\t\t\t\t\t\t\t\t\t\t\t\t\t\t\t\t\t\t<p>Gayrimenkul sat\u0131n almak b\u00fcy\u00fck bir karard\u0131r ve bu s\u00fcre\u00e7te dikkat edilmesi gereken bir\u00e7ok \u00f6nemli nokta vard\u0131r. ER YAPI GAYR\u0130MENKUL \u0130N\u015eAAT olarak, m\u00fc\u015fterilerimize bu s\u00fcre\u00e7te profesyonel dan\u0131\u015fmanl\u0131k hizmeti sunuyoruz. Gayrimenkul sat\u0131n al\u0131rken lokasyon, yap\u0131 kalitesi, tapu durumu, imar izni ve fiyat de\u011ferlendirmesi gibi kriterler g\u00f6z \u00f6n\u00fcnde bulundurulmal\u0131d\u0131r. Do\u011fru ad\u0131mlar atarak hem g\u00fcvenli bir yat\u0131r\u0131m yapabilir hem [&hellip;]<\/p>\n\t\t\t\t\t\t\t\t\t\t\t\t\t\t\t\t\t\t\t\t\t\t                                                    <\/div><!-- .elementskit-post-body END -->\n                    <\/div>\n                \n            <\/div>\n                    <div class=\"col-lg-4 col-md-6\">\n\n                                    <div class=\"elementskit-post-image-card\">\n                        <div class=\"elementskit-entry-header\">\n                                                            <a href=\"https:\/\/eryapi.vitatez.com\/?p=404\" class=\"elementskit-entry-thumb\">\n                                    <img decoding=\"async\" src=\"https:\/\/eryapi.vitatez.com\/wp-content\/uploads\/2025\/02\/interiors-of-a-modern-living-room-2021-09-01-23-15-47-utc-1-150x150.jpg\" alt=\"Ak\u0131ll\u0131 Ev Sistemleri: Gelece\u011fin Ya\u015fam Alanlar\u0131n\u0131 Bug\u00fcnden Ke\u015ffedin\">\n                                <\/a><!-- .elementskit-entry-thumb END -->\n                                                                                                    <div class=\"elementskit-meta-lists elementskit-style-tag\">\n                                        <div class=\"elementskit-single-meta triangle_left\"><span class=\"elementskit-meta-wraper\"><strong>14<\/strong>\u015eub<\/span><\/div>\n                                    <\/div>\n                                                                                            \n                            \n\t\t\t\t\t\t\t\t\t\t\t\t\t<\/div><!-- .elementskit-entry-header END -->\n\n\t\t\t\t\t\t<div class=\"elementskit-post-body \">\n\t\t\t\t\t\t\t\n\t\t\t\t\t\t\t\t\t\t\t\t\t\t\t\t\t\t\t\t\t\t\t\t\t\n\t\t\t\t\t\t\t\t\n\t\t\t\t\t\t\t\t\t\t\t\t\t\t\t\t\t\t\t\t\t<h2 class=\"entry-title\">\n\t\t\t\t\t<a href=\"https:\/\/eryapi.vitatez.com\/?p=404\">\n\t\t\t\t\t\tAk\u0131ll\u0131 Ev Sistemleri: Gelece\u011fin Ya\u015fam Alanlar\u0131n\u0131 Bug\u00fcnden Ke\u015ffedin\t\t\t\t\t<\/a>\n\t\t\t\t<\/h2>\n\t\t\t\t\t\t\t\t\t\t\t\t\t\t\t\t\t\t\t\t\t\t\t\t\t\t\t\t\t\t\t\t\t\t\t\t\t\t\t\t\t\t<p>Teknolojinin geli\u015fmesiyle birlikte ya\u015fam alanlar\u0131 da ak\u0131llan\u0131yor. Ak\u0131ll\u0131 ev sistemleri, enerji tasarrufundan g\u00fcvenli\u011fe kadar bir\u00e7ok avantaj sunar. ER YAPI GAYR\u0130MENKUL \u0130N\u015eAAT olarak, projelerimizde bu teknolojilere yer veriyoruz. Ak\u0131ll\u0131 ev sistemleri sayesinde, ev sahipleri uzaktan \u0131\u015f\u0131k, \u0131s\u0131tma ve g\u00fcvenlik sistemlerini kontrol edebilir. Bu da sadece ya\u015fam\u0131 kolayla\u015ft\u0131rmakla kalmaz, ayn\u0131 zamanda enerji verimlili\u011fini art\u0131rarak s\u00fcrd\u00fcr\u00fclebilir bir ya\u015fam [&hellip;]<\/p>\n\t\t\t\t\t\t\t\t\t\t\t\t\t\t\t\t\t\t\t\t\t\t                                                    <\/div><!-- .elementskit-post-body END -->\n                    <\/div>\n                \n            <\/div>\n                    <div class=\"col-lg-4 col-md-6\">\n\n                                    <div class=\"elementskit-post-image-card\">\n                        <div class=\"elementskit-entry-header\">\n                                                            <a href=\"https:\/\/eryapi.vitatez.com\/?p=402\" class=\"elementskit-entry-thumb\">\n                                    <img decoding=\"async\" src=\"https:\/\/eryapi.vitatez.com\/wp-content\/uploads\/2025\/02\/house-made-of-travertine-2021-08-26-15-44-47-utc-150x150.jpg\" alt=\"\u0130n\u015faatta Kalite ve G\u00fcvenlik: Projelerde Nelere Dikkat Ediyoruz?\">\n                                <\/a><!-- .elementskit-entry-thumb END -->\n                                                                                                    <div class=\"elementskit-meta-lists elementskit-style-tag\">\n                                        <div class=\"elementskit-single-meta triangle_left\"><span class=\"elementskit-meta-wraper\"><strong>14<\/strong>\u015eub<\/span><\/div>\n                                    <\/div>\n                                                                                            \n                            \n\t\t\t\t\t\t\t\t\t\t\t\t\t<\/div><!-- .elementskit-entry-header END -->\n\n\t\t\t\t\t\t<div class=\"elementskit-post-body \">\n\t\t\t\t\t\t\t\n\t\t\t\t\t\t\t\t\t\t\t\t\t\t\t\t\t\t\t\t\t\t\t\t\t\n\t\t\t\t\t\t\t\t\n\t\t\t\t\t\t\t\t\t\t\t\t\t\t\t\t\t\t\t\t\t<h2 class=\"entry-title\">\n\t\t\t\t\t<a href=\"https:\/\/eryapi.vitatez.com\/?p=402\">\n\t\t\t\t\t\t\u0130n\u015faatta Kalite ve G\u00fcvenlik: Projelerde Nelere Dikkat Ediyoruz?\t\t\t\t\t<\/a>\n\t\t\t\t<\/h2>\n\t\t\t\t\t\t\t\t\t\t\t\t\t\t\t\t\t\t\t\t\t\t\t\t\t\t\t\t\t\t\t\t\t\t\t\t\t\t\t\t\t\t<p>\u0130n\u015faat sekt\u00f6r\u00fc, kalitenin ve g\u00fcvenli\u011fin b\u00fcy\u00fck \u00f6nem ta\u015f\u0131d\u0131\u011f\u0131 bir aland\u0131r. ER YAPI GAYR\u0130MENKUL \u0130N\u015eAAT olarak, projelerimizde en kaliteli malzemeleri kullan\u0131yor ve g\u00fcvenlik standartlar\u0131n\u0131 en \u00fcst seviyede tutuyoruz. G\u00fcvenli ve dayan\u0131kl\u0131 yap\u0131lar in\u015fa etmek, hem m\u00fc\u015fterilerimizin hem de i\u015f\u00e7ilerimizin g\u00fcvenli\u011fini sa\u011flamak a\u00e7\u0131s\u0131ndan bizim i\u00e7in birinci \u00f6nceliktir. \u0130n\u015faat s\u00fcrecinde her a\u015famada titizlikle \u00e7al\u0131\u015farak projelerimizin uzun \u00f6m\u00fcrl\u00fc ve [&hellip;]<\/p>\n\t\t\t\t\t\t\t\t\t\t\t\t\t\t\t\t\t\t\t\t\t\t                                                    <\/div><!-- .elementskit-post-body END -->\n                    <\/div>\n                \n            <\/div>\n                    <div class=\"col-lg-4 col-md-6\">\n\n                                    <div class=\"elementskit-post-image-card\">\n                        <div class=\"elementskit-entry-header\">\n                                                            <a href=\"https:\/\/eryapi.vitatez.com\/?p=400\" class=\"elementskit-entry-thumb\">\n                                    <img decoding=\"async\" src=\"https:\/\/eryapi.vitatez.com\/wp-content\/uploads\/2025\/02\/modern-house-with-white-walls-2021-08-26-15-43-33-utc-150x150.jpg\" alt=\"Kentsel D\u00f6n\u00fc\u015f\u00fcm: Gelece\u011fin \u015eehirlerini \u0130n\u015fa Etmenin \u00d6nemi\">\n                                <\/a><!-- .elementskit-entry-thumb END -->\n                                                                                                    <div class=\"elementskit-meta-lists elementskit-style-tag\">\n                                        <div class=\"elementskit-single-meta triangle_left\"><span class=\"elementskit-meta-wraper\"><strong>14<\/strong>\u015eub<\/span><\/div>\n                                    <\/div>\n                                                                                            \n                            \n\t\t\t\t\t\t\t\t\t\t\t\t\t<\/div><!-- .elementskit-entry-header END -->\n\n\t\t\t\t\t\t<div class=\"elementskit-post-body \">\n\t\t\t\t\t\t\t\n\t\t\t\t\t\t\t\t\t\t\t\t\t\t\t\t\t\t\t\t\t\t\t\t\t\n\t\t\t\t\t\t\t\t\n\t\t\t\t\t\t\t\t\t\t\t\t\t\t\t\t\t\t\t\t\t<h2 class=\"entry-title\">\n\t\t\t\t\t<a href=\"https:\/\/eryapi.vitatez.com\/?p=400\">\n\t\t\t\t\t\tKentsel D\u00f6n\u00fc\u015f\u00fcm: Gelece\u011fin \u015eehirlerini \u0130n\u015fa Etmenin \u00d6nemi\t\t\t\t\t<\/a>\n\t\t\t\t<\/h2>\n\t\t\t\t\t\t\t\t\t\t\t\t\t\t\t\t\t\t\t\t\t\t\t\t\t\t\t\t\t\t\t\t\t\t\t\t\t\t\t\t\t\t<p>Kentsel d\u00f6n\u00fc\u015f\u00fcm projeleri, eskiyen \u015fehir yap\u0131lar\u0131n\u0131n modern ve g\u00fcvenli yap\u0131lara d\u00f6n\u00fc\u015ft\u00fcr\u00fclmesi i\u00e7in b\u00fcy\u00fck bir f\u0131rsatt\u0131r. Bu s\u00fcre\u00e7, sadece binalar\u0131n yenilenmesi de\u011fil, ayn\u0131 zamanda \u015fehirlerin altyap\u0131s\u0131n\u0131n da geli\u015ftirilmesini sa\u011flar. ER YAPI GAYR\u0130MENKUL \u0130N\u015eAAT olarak, kentsel d\u00f6n\u00fc\u015f\u00fcm projelerinde \u00f6nc\u00fc rol oynuyoruz. Bu projeler, hem \u015fehirlerdeki ya\u015fam kalitesini art\u0131r\u0131yor hem de gayrimenkul de\u011ferlerinde ciddi bir art\u0131\u015f sa\u011fl\u0131yor. Yat\u0131r\u0131mc\u0131lar [&hellip;]<\/p>\n\t\t\t\t\t\t\t\t\t\t\t\t\t\t\t\t\t\t\t\t\t\t                                                    <\/div><!-- .elementskit-post-body END -->\n                    <\/div>\n                \n            <\/div>\n                    <div class=\"col-lg-4 col-md-6\">\n\n                                    <div class=\"elementskit-post-image-card\">\n                        <div class=\"elementskit-entry-header\">\n                                                            <a href=\"https:\/\/eryapi.vitatez.com\/?p=398\" class=\"elementskit-entry-thumb\">\n                                    <img decoding=\"async\" src=\"https:\/\/eryapi.vitatez.com\/wp-content\/uploads\/2025\/02\/modern-wooden-house-with-big-windows-and-balcony-2021-10-07-16-44-55-utc-150x150.jpg\" alt=\"Gayrimenkul Yat\u0131r\u0131m\u0131n\u0131n Avantajlar\u0131: Neden \u015eimdi Yat\u0131r\u0131m Yapmal\u0131s\u0131n\u0131z?\">\n                                <\/a><!-- .elementskit-entry-thumb END -->\n                                                                                                    <div class=\"elementskit-meta-lists elementskit-style-tag\">\n                                        <div class=\"elementskit-single-meta triangle_left\"><span class=\"elementskit-meta-wraper\"><strong>14<\/strong>\u015eub<\/span><\/div>\n                                    <\/div>\n                                                                                            \n                            \n\t\t\t\t\t\t\t\t\t\t\t\t\t<\/div><!-- .elementskit-entry-header END -->\n\n\t\t\t\t\t\t<div class=\"elementskit-post-body \">\n\t\t\t\t\t\t\t\n\t\t\t\t\t\t\t\t\t\t\t\t\t\t\t\t\t\t\t\t\t\t\t\t\t\n\t\t\t\t\t\t\t\t\n\t\t\t\t\t\t\t\t\t\t\t\t\t\t\t\t\t\t\t\t\t<h2 class=\"entry-title\">\n\t\t\t\t\t<a href=\"https:\/\/eryapi.vitatez.com\/?p=398\">\n\t\t\t\t\t\tGayrimenkul Yat\u0131r\u0131m\u0131n\u0131n Avantajlar\u0131: Neden \u015eimdi Yat\u0131r\u0131m Yapmal\u0131s\u0131n\u0131z?\t\t\t\t\t<\/a>\n\t\t\t\t<\/h2>\n\t\t\t\t\t\t\t\t\t\t\t\t\t\t\t\t\t\t\t\t\t\t\t\t\t\t\t\t\t\t\t\t\t\t\t\t\t\t\t\t\t\t<p>Gayrimenkul sekt\u00f6r\u00fc, uzun vadede en g\u00fcvenilir yat\u0131r\u0131m ara\u00e7lar\u0131ndan biri olarak kabul edilir. \u00d6zellikle ekonomik dalgalanmalar\u0131n ya\u015fand\u0131\u011f\u0131 d\u00f6nemlerde bile gayrimenkul, sabit bir getiri sa\u011flayabilir. ER YAPI GAYR\u0130MENKUL \u0130N\u015eAAT olarak biz, yat\u0131r\u0131mc\u0131lar\u0131m\u0131z\u0131n ihtiya\u00e7lar\u0131na y\u00f6nelik projeler sunuyoruz. Gayrimenkul yat\u0131r\u0131m\u0131, hem kira getirisi sa\u011flama potansiyeli hem de uzun vadede de\u011fer kazanma olana\u011f\u0131 sunar. Ayr\u0131ca, g\u00fcn\u00fcm\u00fczde artan n\u00fcfus ve \u015fehirle\u015fme [&hellip;]<\/p>\n\t\t\t\t\t\t\t\t\t\t\t\t\t\t\t\t\t\t\t\t\t\t                                                    <\/div><!-- .elementskit-post-body END -->\n                    <\/div>\n                \n            <\/div>\n                <\/div>\n       <\/div>\t\t\t\t<\/div>\n\t\t\t\t<\/div>\n\t\t\t\t\t<\/div>\n\t\t<\/div>\n\t\t\t\t\t<\/div>\n\t\t<\/section>\n\t\t\t\t<section class=\"elementor-section elementor-top-section elementor-element elementor-element-1cc33184 elementor-section-boxed elementor-section-height-default elementor-section-height-default\" data-id=\"1cc33184\" data-element_type=\"section\" data-settings=\"{&quot;background_background&quot;:&quot;classic&quot;}\">\n\t\t\t\t\t\t\t<div class=\"elementor-background-overlay\"><\/div>\n\t\t\t\t\t\t\t<div class=\"elementor-container elementor-column-gap-default\">\n\t\t\t\t\t<div class=\"elementor-column elementor-col-33 elementor-top-column elementor-element elementor-element-35a59d59\" data-id=\"35a59d59\" data-element_type=\"column\">\n\t\t\t<div class=\"elementor-widget-wrap elementor-element-populated\">\n\t\t\t\t\t\t<div class=\"elementor-element elementor-element-31a0f545 elementor-widget elementor-widget-heading\" data-id=\"31a0f545\" data-element_type=\"widget\" data-widget_type=\"heading.default\">\n\t\t\t\t<div class=\"elementor-widget-container\">\n\t\t\t\t\t<h3 class=\"elementor-heading-title elementor-size-default\">Bizimle Her Zaman \u0130leti\u015fime Ge\u00e7ebilirsiniz..<\/h3>\t\t\t\t<\/div>\n\t\t\t\t<\/div>\n\t\t\t\t\t<\/div>\n\t\t<\/div>\n\t\t\t\t<div class=\"elementor-column elementor-col-33 elementor-top-column elementor-element elementor-element-2f976c4f\" data-id=\"2f976c4f\" data-element_type=\"column\">\n\t\t\t<div class=\"elementor-widget-wrap elementor-element-populated\">\n\t\t\t\t\t\t<div class=\"elementor-element elementor-element-64a44831 elementor-align-right elementor-widget elementor-widget-button\" data-id=\"64a44831\" data-element_type=\"widget\" data-widget_type=\"button.default\">\n\t\t\t\t<div class=\"elementor-widget-container\">\n\t\t\t\t\t\t\t\t\t<div class=\"elementor-button-wrapper\">\n\t\t\t\t\t<a class=\"elementor-button elementor-button-link elementor-size-sm\" href=\"#\">\n\t\t\t\t\t\t<span class=\"elementor-button-content-wrapper\">\n\t\t\t\t\t\t\t\t\t<span class=\"elementor-button-text\">TEKL\u0130F ALIN<\/span>\n\t\t\t\t\t<\/span>\n\t\t\t\t\t<\/a>\n\t\t\t\t<\/div>\n\t\t\t\t\t\t\t\t<\/div>\n\t\t\t\t<\/div>\n\t\t\t\t\t<\/div>\n\t\t<\/div>\n\t\t\t\t<div class=\"elementor-column elementor-col-33 elementor-top-column elementor-element elementor-element-6f0d87b9\" data-id=\"6f0d87b9\" data-element_type=\"column\">\n\t\t\t<div class=\"elementor-widget-wrap elementor-element-populated\">\n\t\t\t\t\t\t<div class=\"elementor-element elementor-element-4a725348 elementor-align-center elementor-mobile-align-left elementor-widget elementor-widget-button\" data-id=\"4a725348\" data-element_type=\"widget\" data-widget_type=\"button.default\">\n\t\t\t\t<div class=\"elementor-widget-container\">\n\t\t\t\t\t\t\t\t\t<div class=\"elementor-button-wrapper\">\n\t\t\t\t\t<a class=\"elementor-button elementor-button-link elementor-size-sm\" href=\"#\">\n\t\t\t\t\t\t<span class=\"elementor-button-content-wrapper\">\n\t\t\t\t\t\t\t\t\t<span class=\"elementor-button-text\">\u0130LET\u0130\u015e\u0130M<\/span>\n\t\t\t\t\t<\/span>\n\t\t\t\t\t<\/a>\n\t\t\t\t<\/div>\n\t\t\t\t\t\t\t\t<\/div>\n\t\t\t\t<\/div>\n\t\t\t\t\t<\/div>\n\t\t<\/div>\n\t\t\t\t\t<\/div>\n\t\t<\/section>\n\t\t<div class=\"elementor-element elementor-element-7ff697c e-flex e-con-boxed e-con e-parent\" data-id=\"7ff697c\" data-element_type=\"container\">\n\t\t\t\t\t<div class=\"e-con-inner\">\n\t\t\t\t<div class=\"elementor-element elementor-element-4d13a40 elementor-widget elementor-widget-html\" data-id=\"4d13a40\" data-element_type=\"widget\" data-widget_type=\"html.default\">\n\t\t\t\t<div class=\"elementor-widget-container\">\n\t\t\t\t\t<div class=\"sticky-icons\">\r\n    <div class=\"telefon\">\r\n        <a href=\"tel:+905433131003\" title=\"Telefon\" class=\"nolink\"><i class=\"fas fa-phone\"><\/i><\/a>\r\n        <span class=\"tooltiptext\">Telefon: +90 (543) 313 10 03<\/span>\r\n    <\/div>\r\n    <div class=\"whatsapp\">\r\n        <a href=\"https:\/\/api.whatsapp.com\/send?phone=905433131003\" target=\"_blank\" class=\"nolink\" title=\"WhatsApp\"><i class=\"fab fa-whatsapp\"><\/i><\/a>\r\n        <span class=\"tooltiptext\">WhatsApp: +90 (543) 313 10 03<\/span>\r\n    <\/div>\r\n    <div class=\"instagram\">\r\n        <a href=\"https:\/\/www.instagram.com\/\/\" target=\"_blank\" class=\"nolink\" title=\"Instagram\"><i class=\"fab fa-instagram\"><\/i><\/a>\r\n        <span class=\"tooltiptext\">Instagram<\/span>\r\n    <\/div>\r\n<\/div>\r\n\t\t\t\t<\/div>\n\t\t\t\t<\/div>\n\t\t\t\t\t<\/div>\n\t\t\t\t<\/div>\n\t\t\t\t<\/div>\n\t\t","protected":false},"excerpt":{"rendered":"<p>Blog 14\u015eub S\u00fcrd\u00fcr\u00fclebilir \u0130n\u015faat ve \u00c7evre Dostu Projeler: Gelece\u011fi Koruyoruz \u00c7evre dostu projeler, g\u00fcn\u00fcm\u00fczde in\u015faat sekt\u00f6r\u00fcnde giderek daha \u00f6nemli hale geliyor. ER YAPI GAYR\u0130MENKUL \u0130N\u015eAAT olarak, s\u00fcrd\u00fcr\u00fclebilir ve \u00e7evre dostu malzemeler kullanarak projelerimizde do\u011fay\u0131 koruyoruz. Ye\u015fil binalar, enerji tasarrufu sa\u011flayarak hem \u00e7evreye hem de b\u00fct\u00e7eye katk\u0131 sa\u011flar. Ayr\u0131ca, d\u00fc\u015f\u00fck karbon ayak izi hedefleyen projelerimiz sayesinde [&hellip;]<\/p>\n","protected":false},"author":1,"featured_media":0,"parent":0,"menu_order":0,"comment_status":"closed","ping_status":"closed","template":"elementor_header_footer","meta":{"om_disable_all_campaigns":false,"_monsterinsights_skip_tracking":false,"_monsterinsights_sitenote_active":false,"_monsterinsights_sitenote_note":"","_monsterinsights_sitenote_category":0,"_joinchat":[],"footnotes":""},"class_list":["post-120","page","type-page","status-publish","hentry"],"aioseo_notices":[],"_links":{"self":[{"href":"https:\/\/eryapi.vitatez.com\/index.php?rest_route=\/wp\/v2\/pages\/120","targetHints":{"allow":["GET"]}}],"collection":[{"href":"https:\/\/eryapi.vitatez.com\/index.php?rest_route=\/wp\/v2\/pages"}],"about":[{"href":"https:\/\/eryapi.vitatez.com\/index.php?rest_route=\/wp\/v2\/types\/page"}],"author":[{"embeddable":true,"href":"https:\/\/eryapi.vitatez.com\/index.php?rest_route=\/wp\/v2\/users\/1"}],"replies":[{"embeddable":true,"href":"https:\/\/eryapi.vitatez.com\/index.php?rest_route=%2Fwp%2Fv2%2Fcomments&post=120"}],"version-history":[{"count":16,"href":"https:\/\/eryapi.vitatez.com\/index.php?rest_route=\/wp\/v2\/pages\/120\/revisions"}],"predecessor-version":[{"id":436,"href":"https:\/\/eryapi.vitatez.com\/index.php?rest_route=\/wp\/v2\/pages\/120\/revisions\/436"}],"wp:attachment":[{"href":"https:\/\/eryapi.vitatez.com\/index.php?rest_route=%2Fwp%2Fv2%2Fmedia&parent=120"}],"curies":[{"name":"wp","href":"https:\/\/api.w.org\/{rel}","templated":true}]}}